{"id":2,"date":"2016-05-10T03:48:21","date_gmt":"2016-05-10T03:48:21","guid":{"rendered":"http:\/\/ava.afr.mx\/?page_id=2"},"modified":"2024-05-17T14:36:12","modified_gmt":"2024-05-17T20:36:12","slug":"sample-page","status":"publish","type":"page","link":"https:\/\/ava.afr.mx\/","title":{"rendered":"Sample Page"},"content":{"rendered":"<div class=\"su-note\"  style=\"border-color:#172c3b;border-radius:5px;-moz-border-radius:5px;-webkit-border-radius:5px;\"><div class=\"su-note-inner su-u-clearfix su-u-trim\" style=\"background-color:#314655;border-color:#fdffff;color:#ffffff;border-radius:5px;-moz-border-radius:5px;-webkit-border-radius:5px;\">\n<h1 style=\"text-align: center;\">Consultor\u00eda para el Desarrollo Social<\/h1>\n<p style=\"font-size: 24px !important; text-align: center; font-weigh: bold; padding: 0px 10px 10px 10px;\">En AVA, nos dedicamos apasionadamente a contribuir al progreso sostenible de comunidades locales a trav\u00e9s de servicios de consultor\u00eda especializados. Nuestra misi\u00f3n es clara: fortalecer a los gobiernos y organismos de la sociedad civil para que puedan abordar de manera efectiva los desaf\u00edos sociales y construir un futuro m\u00e1s equitativo.<\/p>\n<\/div><\/div>\n<div class=\"su-row\"><div class=\"su-column su-column-size-1-2\"><div class=\"su-column-inner su-u-clearfix su-u-trim\">\n<h2>Nuestro Enfoque<\/h2>\n<div class=\"su-service\"><div class=\"su-service-title\" style=\"padding-left:38px;min-height:24px;line-height:24px\"><i class=\"sui sui-check-circle\" style=\"font-size:24px;color:#002b63\"><\/i> Conocimiento local<\/div><div class=\"su-service-content su-u-clearfix su-u-trim\" style=\"padding-left:38px\">Cada comunidad es \u00fanica, y nuestras soluciones tambi\u00e9n lo son. Adaptamos nuestras estrategias a las necesidades espec\u00edficas de cada cliente, garantizando resultados relevantes y sostenibles.<\/div><\/div>\n<div class=\"su-service\"><div class=\"su-service-title\" style=\"padding-left:38px;min-height:24px;line-height:24px\"><i class=\"sui sui-check-circle\" style=\"font-size:24px;color:#002b63\"><\/i> Sostenibilidad<\/div><div class=\"su-service-content su-u-clearfix su-u-trim\" style=\"padding-left:38px\">No solo buscamos soluciones a corto plazo; nos enfocamos en estrategias que perduren y creen un impacto duradero. La sostenibilidad es el pilar de nuestro enfoque.<\/div><\/div>\n<div class=\"su-service\"><div class=\"su-service-title\" style=\"padding-left:38px;min-height:24px;line-height:24px\"><i class=\"sui sui-check-circle\" style=\"font-size:24px;color:#002b63\"><\/i> Empoderamiento<\/div><div class=\"su-service-content su-u-clearfix su-u-trim\" style=\"padding-left:38px\">Creemos en el poder de las comunidades para ser agentes de cambio en sus propios contextos. Capacitamos y empoderamos a las personas locales para liderar iniciativas que transformen positivamente sus entornos.<\/div><\/div><\/div><\/div>\n<div class=\"su-column su-column-size-1-2\"><div class=\"su-column-inner su-u-clearfix su-u-trim\">\n<h2>Nuestros Servicios<\/h2>\n<div class=\"su-service\"><div class=\"su-service-title\" style=\"padding-left:38px;min-height:24px;line-height:24px\"><i class=\"sui sui-check-circle\" style=\"font-size:24px;color:#002b63\"><\/i> Evaluaci\u00f3n de Programas o Proyectos<\/div><div class=\"su-service-content su-u-clearfix su-u-trim\" style=\"padding-left:38px\">\nNuestra experiencia en evaluaci\u00f3n va m\u00e1s all\u00e1 de simples an\u00e1lisis. Nos sumergimos en la esencia de cada proyecto o programa, identificando \u00e1reas de mejora y oportunidades para maximizar su impacto positivo.<\/div><\/div>\n<div class=\"su-service\"><div class=\"su-service-title\" style=\"padding-left:38px;min-height:24px;line-height:24px\"><i class=\"sui sui-check-circle\" style=\"font-size:24px;color:#002b63\"><\/i> Capacitaci\u00f3n y Divulgaci\u00f3n<\/div><div class=\"su-service-content su-u-clearfix su-u-trim\" style=\"padding-left:38px\">\nDesarrollamos programas de formaci\u00f3n a medida, dise\u00f1ados para fortalecer las habilidades y capacidades de gobiernos locales y organizaciones de la sociedad civil. Empoderamos a las comunidades acercando el conocimiento a trav\u00e9s de estrategias din\u00e1micas de divulgaci\u00f3n.<\/div><\/div>\n<div class=\"su-service\"><div class=\"su-service-title\" style=\"padding-left:38px;min-height:24px;line-height:24px\"><i class=\"sui sui-check-circle\" style=\"font-size:24px;color:#002b63\"><\/i> Acompa\u00f1amiento Estrat\u00e9gico<\/div><div class=\"su-service-content su-u-clearfix su-u-trim\" style=\"padding-left:38px\">\nNo somos solo consultores; somos socios a largo plazo. Proporcionamos asesoramiento estrat\u00e9gico cont\u00ednuo, trabajando mano a mano con nuestros clientes para superar desaf\u00edos y aprovechar oportunidades emergentes.<\/div><\/div>\n<\/div><\/div><\/div>\n<h2>Lo que nos gu\u00eda&#8230;<\/h2>\n<div class=\"su-row\"><div class=\"su-column su-column-size-1-4\"><div class=\"su-column-inner su-u-clearfix su-u-trim\"><div class=\"su-box su-box-style-default\" id=\"\" style=\"border-color:#73030a;border-radius:5px\"><div class=\"su-box-title\" style=\"background-color:#a6363d;color:#FFFFFF;border-top-left-radius:3px;border-top-right-radius:3px\">Compromiso Social<\/div><div class=\"su-box-content su-u-clearfix su-u-trim\" style=\"border-bottom-left-radius:3px;border-bottom-right-radius:3px\">Creemos en la responsabilidad social como motor de cambio. Nos comprometemos a utilizar nuestras habilidades y conocimientos para mejorar la calidad de vida de las comunidades que servimos.<\/div><\/div><\/div><\/div>\n<div class=\"su-column su-column-size-1-4\"><div class=\"su-column-inner su-u-clearfix su-u-trim\"><div class=\"su-box su-box-style-default\" id=\"\" style=\"border-color:#73030a;border-radius:5px\"><div class=\"su-box-title\" style=\"background-color:#a6363d;color:#FFFFFF;border-top-left-radius:3px;border-top-right-radius:3px\">Colaboraci\u00f3n<\/div><div class=\"su-box-content su-u-clearfix su-u-trim\" style=\"border-bottom-left-radius:3px;border-bottom-right-radius:3px\">La colaboraci\u00f3n es la esencia de nuestro enfoque. Trabajamos de la mano con gobiernos locales y organizaciones de la sociedad civil, entendiendo que la sinergia entre diferentes actores es clave para el desarrollo efectivo.<\/div><\/div><\/div><\/div>\n<div class=\"su-column su-column-size-1-4\"><div class=\"su-column-inner su-u-clearfix su-u-trim\"><div class=\"su-box su-box-style-default\" id=\"\" style=\"border-color:#73030a;border-radius:5px\"><div class=\"su-box-title\" style=\"background-color:#a6363d;color:#FFFFFF;border-top-left-radius:3px;border-top-right-radius:3px\">Integridad<\/div><div class=\"su-box-content su-u-clearfix su-u-trim\" style=\"border-bottom-left-radius:3px;border-bottom-right-radius:3px\">Guiamos nuestras acciones con integridad y transparencia. Nos comprometemos a actuar de manera \u00e9tica en todas las interacciones, asegurando la confianza de nuestros clientes y socios.<\/div><\/div><\/div><\/div>\n<div class=\"su-column su-column-size-1-4\"><div class=\"su-column-inner su-u-clearfix su-u-trim\"><div class=\"su-box su-box-style-default\" id=\"\" style=\"border-color:#73030a;border-radius:5px\"><div class=\"su-box-title\" style=\"background-color:#a6363d;color:#FFFFFF;border-top-left-radius:3px;border-top-right-radius:3px\">Innovaci\u00f3n<\/div><div class=\"su-box-content su-u-clearfix su-u-trim\" style=\"border-bottom-left-radius:3px;border-bottom-right-radius:3px\">La innovaci\u00f3n impulsa nuestro trabajo. Buscamos constantemente soluciones creativas y eficientes para los desaf\u00edos sociales, aprovechando la tecnolog\u00eda y las mejores pr\u00e1cticas de la industria.<\/div><\/div><\/div><\/div><\/div>\n<p>&nbsp;<\/p>\n","protected":false},"excerpt":{"rendered":"<p>Lo que nos gu\u00eda&#8230; &nbsp;<\/p>\n","protected":false},"author":1,"featured_media":0,"parent":0,"menu_order":0,"comment_status":"closed","ping_status":"closed","template":"","meta":{"site-sidebar-layout":"default","site-content-layout":"","ast-site-content-layout":"default","site-content-style":"default","site-sidebar-style":"default","ast-global-header-display":"","ast-banner-title-visibility":"","ast-main-header-display":"","ast-hfb-above-header-display":"","ast-hfb-below-header-display":"","ast-hfb-mobile-header-display":"","site-post-title":"","ast-breadcrumbs-content":"","ast-featured-img":"","footer-sml-layout":"","theme-transparent-header-meta":"default","adv-header-id-meta":"","stick-header-meta":"","header-above-stick-meta":"","header-main-stick-meta":"","header-below-stick-meta":"","astra-migrate-meta-layouts":"set","ast-page-background-enabled":"default","ast-page-background-meta":{"desktop":{"background-color":"var(--ast-global-color-4)","background-image":"","background-repeat":"repeat","background-position":"center center","background-size":"auto","background-attachment":"scroll","background-type":"","background-media":"","overlay-type":"","overlay-color":"","overlay-gradient":""},"tablet":{"background-color":"","background-image":"","background-repeat":"repeat","background-position":"center center","background-size":"auto","background-attachment":"scroll","background-type":"","background-media":"","overlay-type":"","overlay-color":"","overlay-gradient":""},"mobile":{"background-color":"","background-image":"","background-repeat":"repeat","background-position":"center center","background-size":"auto","background-attachment":"scroll","background-type":"","background-media":"","overlay-type":"","overlay-color":"","overlay-gradient":""}},"ast-content-background-meta":{"desktop":{"background-color":"var(--ast-global-color-5)","background-image":"","background-repeat":"repeat","background-position":"center center","background-size":"auto","background-attachment":"scroll","background-type":"","background-media":"","overlay-type":"","overlay-color":"","overlay-gradient":""},"tablet":{"background-color":"var(--ast-global-color-5)","background-image":"","background-repeat":"repeat","background-position":"center center","background-size":"auto","background-attachment":"scroll","background-type":"","background-media":"","overlay-type":"","overlay-color":"","overlay-gradient":""},"mobile":{"background-color":"var(--ast-global-color-5)","background-image":"","background-repeat":"repeat","background-position":"center center","background-size":"auto","background-attachment":"scroll","background-type":"","background-media":"","overlay-type":"","overlay-color":"","overlay-gradient":""}},"footnotes":""},"_links":{"self":[{"href":"https:\/\/ava.afr.mx\/index.php?rest_route=\/wp\/v2\/pages\/2"}],"collection":[{"href":"https:\/\/ava.afr.mx\/index.php?rest_route=\/wp\/v2\/pages"}],"about":[{"href":"https:\/\/ava.afr.mx\/index.php?rest_route=\/wp\/v2\/types\/page"}],"author":[{"embeddable":true,"href":"https:\/\/ava.afr.mx\/index.php?rest_route=\/wp\/v2\/users\/1"}],"replies":[{"embeddable":true,"href":"https:\/\/ava.afr.mx\/index.php?rest_route=%2Fwp%2Fv2%2Fcomments&post=2"}],"version-history":[{"count":26,"href":"https:\/\/ava.afr.mx\/index.php?rest_route=\/wp\/v2\/pages\/2\/revisions"}],"predecessor-version":[{"id":76,"href":"https:\/\/ava.afr.mx\/index.php?rest_route=\/wp\/v2\/pages\/2\/revisions\/76"}],"wp:attachment":[{"href":"https:\/\/ava.afr.mx\/index.php?rest_route=%2Fwp%2Fv2%2Fmedia&parent=2"}],"curies":[{"name":"wp","href":"https:\/\/api.w.org\/{rel}","templated":true}]}}